{"id":2,"date":"2016-05-08T09:23:44","date_gmt":"2016-05-08T09:23:44","guid":{"rendered":"https:\/\/starting-five.com\/?page_id=2"},"modified":"2026-04-26T07:48:15","modified_gmt":"2026-04-26T07:48:15","slug":"starting_five_live_termine","status":"publish","type":"page","link":"https:\/\/starting-five.com\/?page_id=2","title":{"rendered":"Konzerte &#8211; LIVE Termine"},"content":{"rendered":"\n<h1 class=\"wp-block-heading\"><span style=\"color: #0000ff;\"><strong>Starting FIVE &#8211; Rock&amp;Soul <\/strong><\/span><span style=\"color: #0000ff;\">live<\/span><\/h1>\n\n\n\n<figure class=\"wp-block-image\"><img loading=\"lazy\" decoding=\"async\" width=\"977\" height=\"200\" src=\"https:\/\/starting-five.com\/wp-content\/uploads\/2018\/07\/BANDbild-2018-facebook-formart-e1578243342524.jpg\" alt=\"\" class=\"wp-image-692\" srcset=\"https:\/\/starting-five.com\/wp-content\/uploads\/2018\/07\/BANDbild-2018-facebook-formart-e1578243342524.jpg 977w, https:\/\/starting-five.com\/wp-content\/uploads\/2018\/07\/BANDbild-2018-facebook-formart-e1578243342524-300x61.jpg 300w, https:\/\/starting-five.com\/wp-content\/uploads\/2018\/07\/BANDbild-2018-facebook-formart-e1578243342524-768x157.jpg 768w, https:\/\/starting-five.com\/wp-content\/uploads\/2018\/07\/BANDbild-2018-facebook-formart-e1578243342524-500x102.jpg 500w\" sizes=\"auto, (max-width: 977px) 100vw, 977px\" \/><\/figure>\n\n\n\n<h2 class=\"wp-block-heading\"><mark class=\"has-inline-color has-vivid-red-color\" style=\"background-color: rgba(0, 0, 0, 0); color: #cf2e2e;\">Termine 2026<\/mark><\/h2>\n\n\n\n<ul class=\"wp-block-list\">\n<li><mark style=\"background-color:rgba(0, 0, 0, 0);color:#abb8c3\" class=\"has-inline-color has-cyan-bluish-gray-color\"><s>Fr. 13.02 Rockfasching KneipenGig im Standard, Oberth\u00fcrstra\u00dfe W\u00fcrzburg, ab 20:30Uhr &#8211; pay what you want<\/s><\/mark><\/li>\n\n\n\n<li><mark style=\"background-color:rgba(0, 0, 0, 0);color:#abb8c3\" class=\"has-inline-color has-cyan-bluish-gray-color\"><s>Sa. 07.03. Akku KneipenGig Postkeller Amadeus, Hauptstra\u00dfe 47, Ochsenfurt, ab 20:30Uhr &#8211; unplugged Rock<\/s><\/mark><\/li>\n\n\n\n<li><s><mark style=\"background-color:rgba(0, 0, 0, 0);color:#abb8c3\" class=\"has-inline-color has-cyan-bluish-gray-color\">Sa. 21.03 Akku KneipenGig Anno Domini, Weingartenstra\u00dfe, W\u00fcrzburg, ab 19Uhr-22:30Uhr &#8211; unplugged Rock<\/mark><\/s><\/li>\n\n\n\n<li><s><mark style=\"background-color:rgba(0, 0, 0, 0);color:#abb8c3\" class=\"has-inline-color has-cyan-bluish-gray-color\">Sa 18.04. 50er Geburtstag, Sommerach &#8211; private Veranstaltung<\/mark><\/s><\/li>\n\n\n\n<li><mark style=\"background-color:rgba(0, 0, 0, 0);color:#abb8c3\" class=\"has-inline-color has-cyan-bluish-gray-color\"><s>Sa 25.04. 20k Fundraising Event  &#8211; Max Burger Rennfahrer Nachwuchstalent, Veitsh\u00f6chheim<\/s><\/mark><\/li>\n\n\n\n<li>Sa 13.06. KulturSommer Tirschenreuth, Oberpfalz<\/li>\n\n\n\n<li>Sa 04.07. Sommerfest DJK Reuchelheim, bei Arnstein<\/li>\n\n\n\n<li>Sa 10.07. 100 Jahre S\u00fcdzucker &#8211; interne Betriebsfeier<\/li>\n\n\n\n<li>Fr 24.07. Kellernacht in Weidenberg, bei Bayreuth<\/li>\n\n\n\n<li>Sa 25.07. Live in Waldb\u00fcttelbrunn, am Sportfest<\/li>\n\n\n\n<li>Sa 12.09. Stadtfest in Ochsenfurt, am Br\u00fcckenkopf alte Mainbr\u00fccke (Br\u00fcckenstra\u00dfe). Da Eso &amp; Wein Wunderbar &#8211; ab 20Uhr<\/li>\n<\/ul>\n\n\n\n<p>&nbsp;<\/p>\n\n\n\n<p><strong><mark class=\"has-inline-color has-cyan-bluish-gray-color\" style=\"color: #abb8c3;\">Termine 2025<\/mark><\/strong><\/p>\n\n\n\n<ul class=\"wp-block-list\">\n<li><s><mark class=\"has-inline-color has-cyan-bluish-gray-color\" style=\"background-color: rgba(0,0,0,0); color: #abb8c3;\">Fr 28.04. Rockfasching im Standard Keller W\u00fcrzburg, ab 20Uhr<\/mark><\/s><\/li>\n\n\n\n<li><mark class=\"has-inline-color has-cyan-bluish-gray-color\" style=\"background-color: rgba(0, 0, 0, 0); color: #abb8c3;\"><s>Sa 21.06. B\u00fcrgerbr\u00e4u W\u00fcrzburg, Maschinenraumlounge &#8211; private Veranstaltung<\/s><\/mark><\/li>\n\n\n\n<li><s><mark class=\"has-inline-color has-cyan-bluish-gray-color\" style=\"background-color: rgba(0, 0, 0, 0); color: #abb8c3;\">Sa 28.06. Altstadtfest 97450 Arnstein, M\u00fcdesheim<\/mark><\/s><\/li>\n\n\n\n<li><mark class=\"has-inline-color has-cyan-bluish-gray-color\" style=\"background-color: rgba(0, 0, 0, 0); color: #abb8c3;\"><s>Sa 13.09. Altstadtfest 97199 Ochsenfurt, De Ezo &amp; Weinwunderbar (Br\u00fcckenkopf alte Mainbr\u00fccke)<\/s><\/mark><\/li>\n\n\n\n<li><mark class=\"has-inline-color has-cyan-bluish-gray-color\" style=\"background-color: rgba(0, 0, 0, 0); color: #abb8c3;\"><s>Sa. 20.09 Geburtstagsparty <\/s><s>\ud83e\udd73<\/s><s> &#8211; private Veranstaltung<\/s><\/mark><\/li>\n\n\n\n<li><mark class=\"has-inline-color has-cyan-bluish-gray-color\" style=\"background-color: rgba(0, 0, 0, 0); color: #abb8c3;\"><s>Sa 13.12. Geburtstagsparty Z87 Keller &#8211; private Veranstaltung<\/s><\/mark><\/li>\n<\/ul>\n\n\n\n<p><strong><mark class=\"has-inline-color has-cyan-bluish-gray-color\" style=\"color: #abb8c3;\">Termine 2024<\/mark><\/strong><\/p>\n\n\n\n<ul class=\"wp-block-list\">\n<li><mark class=\"has-inline-color has-cyan-bluish-gray-color\" style=\"background-color: rgba(0, 0, 0, 0); color: #abb8c3;\"><s>Fr 19.04. Standard Keller W\u00fcrzburg, ab 20Uhr<\/s><\/mark><\/li>\n\n\n\n<li><mark class=\"has-inline-color has-cyan-bluish-gray-color\" style=\"background-color: rgba(0, 0, 0, 0); color: #abb8c3;\"><s>Sa 8.6. Nachtzauber Bad K\u00f6nigshofen, ab 20Uhr<\/s><\/mark><\/li>\n\n\n\n<li><mark class=\"has-inline-color has-cyan-bluish-gray-color\" style=\"background-color: rgba(0, 0, 0, 0); color: #abb8c3;\"><s>Sa 15.6. TGW Vereinsfest, W\u00fcrzburg<\/s><\/mark><\/li>\n\n\n\n<li><mark class=\"has-inline-color has-cyan-bluish-gray-color\" style=\"background-color: rgba(0, 0, 0, 0); color: #abb8c3;\"><s>13.07. private Feierei<\/s><\/mark><\/li>\n\n\n\n<li><mark class=\"has-inline-color has-cyan-bluish-gray-color\" style=\"background-color: rgba(0, 0, 0, 0); color: #abb8c3;\"><s>Sa 7.9. ab 20Uhr Ochsenfest &#8211; Br\u00fcckenkopf alte Mainbr\u00fccke, in 97199 Ochsenfurt<\/s><\/mark><\/li>\n\n\n\n<li><mark class=\"has-inline-color has-cyan-bluish-gray-color\" style=\"background-color: rgba(0, 0, 0, 0); color: #abb8c3;\"><s>November &#8211; Rockparty Marina Hafenbar &#8211; W\u00fcrzburg<\/s><\/mark><\/li>\n<\/ul>\n\n\n\n<p><span style=\"text-decoration: underline;\"><strong><mark class=\"has-inline-color has-cyan-bluish-gray-color\" style=\"background-color: rgba(0, 0, 0, 0); color: #abb8c3;\">Termine 2023<\/mark><\/strong><\/span><\/p>\n\n\n\n<ul class=\"wp-block-list\">\n<li><mark class=\"has-inline-color has-cyan-bluish-gray-color\" style=\"background-color: rgba(0, 0, 0, 0); color: #abb8c3;\"><s>21.2. Faschingsdienstag &#8211; Rockfasching W\u00fcrzburg, im Keller der Kneipe Standard, 19:30Uhr<\/s><\/mark><\/li>\n\n\n\n<li><mark class=\"has-inline-color has-cyan-bluish-gray-color\" style=\"background-color: rgba(0, 0, 0, 0); color: #abb8c3;\"><s>17.03. Beavers, 63906 Erlenbach (<\/s><s>geschlossene<\/s><s> <\/s><s>Gesellschaft<\/s><s>)<\/s><\/mark><\/li>\n\n\n\n<li><mark class=\"has-inline-color has-cyan-bluish-gray-color\" style=\"background-color: rgba(0, 0, 0, 0); color: #abb8c3;\"><s>13.05. Acoustic Ensemble &#8211; Disharmonie Scheinfurt, ab 19:30Uhr<\/s><\/mark><\/li>\n\n\n\n<li><mark class=\"has-inline-color has-cyan-bluish-gray-color\" style=\"background-color: rgba(0, 0, 0, 0); color: #abb8c3;\"><s>20.05. 175 Jahre Sportverein TGW W\u00fcrzburg, ab 19:30Uhr<\/s><\/mark><\/li>\n\n\n\n<li><mark class=\"has-inline-color has-cyan-bluish-gray-color\" style=\"background-color: rgba(0, 0, 0, 0); color: #abb8c3;\"><s>17.06. Nachtzauber &#8211; ProjectX, Bad K\u00f6nigshofen, ab 20 Uhr<\/s><\/mark><\/li>\n\n\n\n<li><mark class=\"has-inline-color has-cyan-bluish-gray-color\" style=\"background-color: rgba(0, 0, 0, 0); color: #abb8c3;\"><s>8.07. Sommerkirchweih &#8211; 97953 Herzogenaurach, ab 19Uhr<\/s><\/mark><\/li>\n\n\n\n<li><mark class=\"has-inline-color has-cyan-bluish-gray-color\" style=\"background-color: rgba(0, 0, 0, 0); color: #abb8c3;\"><s>22.7. Hochzeit &#8211; private Veranstaltung <\/s><\/mark><\/li>\n\n\n\n<li><mark class=\"has-inline-color has-cyan-bluish-gray-color\" style=\"background-color: rgba(0, 0, 0, 0); color: #abb8c3;\"><s>4.8. Musiknacht in 97199 Ochsenfurt, ab 20Uhr am Br\u00fcckenkopf, alte Mainbr\u00fccke<\/s><\/mark><\/li>\n\n\n\n<li><mark class=\"has-inline-color has-cyan-bluish-gray-color\" style=\"background-color: rgba(0, 0, 0, 0); color: #abb8c3;\"><s>9.9. Ochsenfest in 97199 Ochsenfurt, ab 20Uhr am Br\u00fcckenkopf, alte Mainbr\u00fccke<\/s><\/mark><\/li>\n<\/ul>\n\n\n\n<p class=\"has-cyan-bluish-gray-color has-text-color\"><span style=\"text-decoration: underline;\"><strong><mark class=\"has-inline-color has-cyan-bluish-gray-color\" style=\"background-color: rgba(0, 0, 0, 0); color: #abb8c3;\">Termine 2022<\/mark><\/strong><\/span><\/p>\n\n\n\n<ul class=\"wp-block-list\">\n<li><mark class=\"has-inline-color has-cyan-bluish-gray-color\" style=\"background-color: rgba(0, 0, 0, 0); color: #abb8c3;\"><s>19.02. <\/s><\/mark><mark class=\"has-inline-color has-cyan-bluish-gray-color\" style=\"background-color: rgba(0, 0, 0, 0); color: #abb8c3;\"><del>Disharmonie &#8211; UNPLUGGED &#8211; 97421 Schweinfurt, ab 19:30Uhr<\/del><\/mark><\/li>\n\n\n\n<li><mark class=\"has-inline-color has-cyan-bluish-gray-color\" style=\"background-color: rgba(0, 0, 0, 0); color: #abb8c3;\"><s>23.04. privater Geburtstag &#8211; Miltenberg<\/s><\/mark><\/li>\n\n\n\n<li><mark class=\"has-inline-color has-cyan-bluish-gray-color\" style=\"background-color: rgba(0, 0, 0, 0); color: #abb8c3;\"><s>14.05. privater Geburtstag &#8211; Schweinfurt<\/s><\/mark><\/li>\n\n\n\n<li><mark class=\"has-inline-color has-cyan-bluish-gray-color\" style=\"background-color: rgba(0, 0, 0, 0); color: #abb8c3;\"><s>4.6. Nachtzauber, 97631 Bad K\u00f6nigshofen, ab 20:30Uhr<\/s> Veranstaltung abgesagt<\/mark><\/li>\n\n\n\n<li><mark class=\"has-inline-color has-cyan-bluish-gray-color\" style=\"background-color: rgba(0, 0, 0, 0); color: #abb8c3;\"><s>24.06. 160 Jahrfeier des TSV 1861 Bad K\u00f6nigshofen e.V. ab 20Uhr, 97631 Bad K\u00f6nigshofen<\/s><\/mark><\/li>\n\n\n\n<li><mark class=\"has-inline-color has-cyan-bluish-gray-color\" style=\"background-color: rgba(0, 0, 0, 0); color: #abb8c3;\"><s>09.07. Betriebsfest S\u00fcdzucker AG &#8211; Gauk\u00f6nigshofen<\/s><\/mark><\/li>\n\n\n\n<li><mark class=\"has-inline-color has-cyan-bluish-gray-color\" style=\"background-color: rgba(0, 0, 0, 0); color: #abb8c3;\"><s>10.09. Stadtfest Ochsenfurt &#8211; am Br\u00fcckenkopf alte Mainbr\u00fccke ab 19.30Uhr, 97199 Ochsenfurt<\/s><\/mark><\/li>\n\n\n\n<li><mark class=\"has-inline-color has-cyan-bluish-gray-color\" style=\"background-color: rgba(0, 0, 0, 0); color: #abb8c3;\"><s>15.10. Acoustic Ensemble &#8211; Marktplatz Wertheim 11-14Uhr <\/s><\/mark><\/li>\n<\/ul>\n\n\n\n<p class=\"has-cyan-bluish-gray-color has-text-color\"><span style=\"text-decoration: underline;\"><mark class=\"has-inline-color has-cyan-bluish-gray-color\" style=\"background-color: rgba(0, 0, 0, 0); color: #abb8c3;\"><strong>Termine 202<\/strong><\/mark><\/span><span style=\"text-decoration: underline;\"><mark class=\"has-inline-color has-cyan-bluish-gray-color\" style=\"background-color: rgba(0, 0, 0, 0); color: #abb8c3;\">1<\/mark><\/span><\/p>\n\n\n\n<ul class=\"wp-block-list\">\n<li><mark class=\"has-inline-color has-cyan-bluish-gray-color\" style=\"background-color: rgba(0, 0, 0, 0); color: #abb8c3;\"><s>12.02. Rock am Faschingsfreitag &#8211; Standard, 97074 W\u00fcrzburg, 20:30Uhr<\/s><\/mark><\/li>\n\n\n\n<li><mark class=\"has-inline-color has-cyan-bluish-gray-color\" style=\"background-color: rgba(0, 0, 0, 0); color: #abb8c3;\"><s>24.4. Akustik Show, Haus der Kunst-Disharmonie Schweinfurt 20Uhr<\/s><s> <\/s>COVID ABGESAGT<strong> -&gt; <\/strong>neuer Termin: 19.Feb 2022<\/mark><\/li>\n\n\n\n<li><mark class=\"has-inline-color has-cyan-bluish-gray-color\" style=\"background-color: rgba(0, 0, 0, 0); color: #abb8c3;\"><s>5.6. Nachtzauber, 97631 Bad K\u00f6nigshofen, ab 20:30Uhr<\/s><\/mark><\/li>\n\n\n\n<li><mark class=\"has-inline-color has-cyan-bluish-gray-color\" style=\"background-color: rgba(0, 0, 0, 0); color: #abb8c3;\"><s>25.6. Weinbl\u00fctenfest 97953 K\u00f6nigheim, ab 20Uhr<\/s><\/mark><\/li>\n\n\n\n<li><mark class=\"has-inline-color has-cyan-bluish-gray-color\" style=\"background-color: rgba(0, 0, 0, 0); color: #abb8c3;\"><s>17.7. Betriebsfest S\u00fcdzucker<\/s><\/mark><\/li>\n\n\n\n<li><mark class=\"has-inline-color has-cyan-bluish-gray-color\" style=\"background-color: rgba(0, 0, 0, 0); color: #abb8c3;\"><s>10.9. Stadtfest 97199 Ochsenfurt, ab 19:00Uhr auf der Mainwiese<\/s><\/mark><\/li>\n\n\n\n<li><mark class=\"has-inline-color has-cyan-bluish-gray-color\" style=\"background-color: rgba(0, 0, 0, 0); color: #abb8c3;\"><s>23.10. Markt in 98877 Wertheim 11:00-14Uhr auf dem Marktplatz<\/s><\/mark><\/li>\n<\/ul>\n\n\n\n<p><span style=\"text-decoration: underline;\"><span style=\"color: #0000ff;\"><span style=\"color: #999999; text-decoration: underline;\"><strong>Termine 2020<\/strong><\/span><\/span><\/span><\/p>\n\n\n\n<ul class=\"wp-block-list\">\n<li><mark class=\"has-inline-color has-cyan-bluish-gray-color\" style=\"background-color: rgba(0, 0, 0, 0); color: #abb8c3;\"><s>21.02. Rock am Faschingsfreitag &#8211; Standard, 97074 W\u00fcrzburg, 20:30Uhr<\/s><\/mark><\/li>\n\n\n\n<li><mark class=\"has-inline-color has-cyan-bluish-gray-color\" style=\"background-color: rgba(0, 0, 0, 0); color: #abb8c3;\"><s>16.05. Akustik Show, Haus der Kunst-Disharmonie Schweinfurt 20Uhr.<\/s><\/mark><\/li>\n\n\n\n<li><mark class=\"has-inline-color has-cyan-bluish-gray-color\" style=\"background-color: rgba(0, 0, 0, 0); color: #abb8c3;\"><s>26.06. Weinbl\u00fctenfest 97953 K\u00f6nigheim, ab 20Uhr<\/s> COVID ABGESAGT<\/mark><\/li>\n\n\n\n<li><mark class=\"has-inline-color has-cyan-bluish-gray-color\" style=\"background-color: rgba(0, 0, 0, 0); color: #abb8c3;\"><s>04.07. Weinfest Retzbach, ab 19Uhr<\/s> COVID ABGESAGT<\/mark><\/li>\n\n\n\n<li><mark class=\"has-inline-color has-cyan-bluish-gray-color\" style=\"background-color: rgba(0, 0, 0, 0); color: #abb8c3;\"><s>31.07. Musiknacht 97199 Ochsenfurt, ab 20:00Uhr <\/s>COVID ABGESAGT<\/mark><\/li>\n\n\n\n<li><mark class=\"has-inline-color has-cyan-bluish-gray-color\" style=\"background-color: rgba(0, 0, 0, 0); color: #abb8c3;\"><s>05.09. Stadtfest 97199 Ochsenfurt, ab 18:00Uhr <\/s>COVID ABGESAGT<\/mark><\/li>\n\n\n\n<li><mark class=\"has-inline-color has-cyan-bluish-gray-color\" style=\"background-color: rgba(0, 0, 0, 0); color: #abb8c3;\"><s>30.07. Rock am Mee-Landgasthof zur M\u00fchle, 97246 Eibelstadt, 19:30Uhr<\/s><\/mark><\/li>\n<\/ul>\n\n\n\n<p><span style=\"text-decoration: underline;\"><span style=\"color: #0000ff;\"><span style=\"color: #999999; text-decoration: underline;\"><strong>Termine 2019<\/strong><\/span><\/span><\/span><\/p>\n\n\n\n<ul class=\"wp-block-list\">\n<li><span style=\"color: #999999;\"><del>18.01. Disharmonie &#8211; UNPLUGGED &#8211; 97421 Schweinfurt, ab 19:30Uhr<\/del><\/span><\/li>\n\n\n\n<li><span style=\"color: #999999;\"><del>23.02. Rockfasching \u2013 Auf der Nutzung 4 , Herzogenaurauch, ab 22Uhr<\/del><\/span><span style=\"color: #999999;\"><br \/><\/span><\/li>\n\n\n\n<li><span style=\"color: #999999;\"><del>1.03. Rock am Faschingsfreitag &#8211; Standard, 97074 W\u00fcrzburg , ab 20Uhr<\/del><\/span><\/li>\n\n\n\n<li><span style=\"color: #999999;\"><del>xx.xx Nachtzauber &#8211; Bad K\u00f6nigshofen, ab 20Uhr<\/del><\/span><\/li>\n\n\n\n<li><span style=\"color: #999999;\"><del>28.06. Weinbl\u00fctenfest 97953 K\u00f6nigheim, ab 20Uhr<\/del><\/span><\/li>\n\n\n\n<li><span style=\"color: #999999;\"><del>20.07. Stadtfest 91567 Herrieden, ab 20Uhr<\/del><\/span><\/li>\n\n\n\n<li><span style=\"color: #999999;\"><del>27.07. Kirmes in 98663 K\u00e4\u00dflitz, ab 20Uhr<\/del><\/span><\/li>\n\n\n\n<li><span style=\"color: #999999;\"><del>07.09. Stadtfest 97199 Ochsenfurt, ab 20Uhr<\/del><\/span><\/li>\n<\/ul>\n\n\n\n<p><span style=\"color: #999999; text-decoration: underline;\">Termine 2018<\/span><\/p>\n\n\n\n<ul class=\"wp-block-list\">\n<li><span style=\"color: #999999;\"><del>2.Juni Nachtzauber, 97631 Bad K\u00f6nigshofen, ab 20:30Uhr<\/del><\/span><br \/><span style=\"color: #999999;\"><del>Ramp Up show vor der Bayern3-Band<\/del><\/span><\/li>\n\n\n\n<li><span style=\"color: #999999;\"><del>22.Juni Akkustik Show im Kloster 97702 Mariabildhausen, ab 19:30Uhr<\/del><\/span><\/li>\n\n\n\n<li><span style=\"color: #999999;\"><del>29.Juni Weinbl\u00fctenfest in 97953 K\u00f6nigheim, ab 20Uhr<\/del><\/span><\/li>\n\n\n\n<li><span style=\"color: #999999;\"><del>14.Juli Stadtfest in 91567 Herrieden, ab 21Uhr<\/del><\/span><\/li>\n\n\n\n<li><span style=\"color: #999999;\"><del>20. Juli Biergarten Holzm\u00fchle in 97292 \u00dcttingen, ab 19Uhr<\/del><\/span><br \/><span style=\"color: #999999;\"><del>&#8222;Drinnen oder drau\u00dfen? Das h\u00e4ngt vom Wetter ab!&#8220;<\/del><\/span><\/li>\n\n\n\n<li><span style=\"color: #999999;\"><del>8.Sept. Altstadtfest in 97199 Ochsenfurt, ab 20Uhr<\/del><\/span><\/li>\n\n\n\n<li><span style=\"color: #999999;\"><del>15.September, 2. STREETFOOD MARKTheidenfeld, in 97828 Marktheidenfeld, ab 20:30Uhr<\/del><\/span><\/li>\n<\/ul>\n\n\n\n<p><span style=\"color: #999999; text-decoration: underline;\">Termine 2017<\/span><\/p>\n\n\n\n<ul class=\"wp-block-list\">\n<li><span style=\"color: #999999;\"><del>20.Mai &#8222;Nachtzauber&#8220; Bad K\u00f6nigshofen<\/del><\/span><\/li>\n\n\n\n<li><span style=\"color: #999999;\"><del>17. Juni Bernhard Rei\u00dfer &#8222;Genussfestival&#8220; Nordheim<\/del><\/span><\/li>\n\n\n\n<li><span style=\"color: #999999;\"><del>30. Juni &nbsp;&#8222;Weinbl\u00fctenfest&#8220; K\u00f6nigheim<\/del><\/span><\/li>\n\n\n\n<li><span style=\"color: #999999;\"><del>21. Juli Holzm\u00fchle \u00dcttingen&nbsp;<\/del><\/span><br \/><span style=\"color: #999999;\"><del> &#8222;Biergarten oder Scheune? Das h\u00e4ngt vom Wetter ab!&#8220;<\/del><\/span><\/li>\n\n\n\n<li><span style=\"color: #999999;\"><del>28. Juli &#8222;Schools OUT&#8220; Caf\u00e9 Klug, W\u00fcrzburg<\/del><\/span><\/li>\n\n\n\n<li><span style=\"color: #999999;\"><del>9. September &#8222;Stadtfest&#8220; 97199 Ochsenfurt<\/del><\/span><\/li>\n\n\n\n<li><span style=\"color: #999999;\"><del>8. Oktober &#8222;Run 4 freedom and tolerance&#8220;, W\u00fcrzburg<\/del><\/span><\/li>\n\n\n\n<li><span style=\"color: #999999;\"><del>21.November W\u00fcVar &#8211; Eine Stadt macht Weltrekord u.a. mit Starting FIVE<\/del><\/span><\/li>\n\n\n\n<li><span style=\"color: #999999;\"><del>8. Dezember &#8222;Unplugged at its Rock&#8220; Disharmonie, Schweinfurt<\/del><\/span><\/li>\n<\/ul>\n\n\n\n<hr class=\"wp-block-separator has-css-opacity\"\/>\n\n\n\n<hr class=\"wp-block-separator has-css-opacity\"\/>\n","protected":false},"excerpt":{"rendered":"<p>Starting FIVE &#8211; Rock&amp;Soul live Termine 2026 &nbsp; Termine 2025 Termine 2024 Termine 2023 Termine 2022 Termine 2021 Termine 2020 Termine 2019<\/p>\n<p class=\"link-more\"><a class=\"myButt \" href=\"https:\/\/starting-five.com\/?page_id=2\">Read More<\/a><\/p>\n","protected":false},"author":1,"featured_media":692,"parent":0,"menu_order":1,"comment_status":"closed","ping_status":"closed","template":"","meta":{"om_disable_all_campaigns":false,"_monsterinsights_skip_tracking":false,"_monsterinsights_sitenote_active":false,"_monsterinsights_sitenote_note":"","_monsterinsights_sitenote_category":0,"footnotes":""},"class_list":["post-2","page","type-page","status-publish","has-post-thumbnail","hentry"],"aioseo_notices":[],"_links":{"self":[{"href":"https:\/\/starting-five.com\/index.php?rest_route=\/wp\/v2\/pages\/2","targetHints":{"allow":["GET"]}}],"collection":[{"href":"https:\/\/starting-five.com\/index.php?rest_route=\/wp\/v2\/pages"}],"about":[{"href":"https:\/\/starting-five.com\/index.php?rest_route=\/wp\/v2\/types\/page"}],"author":[{"embeddable":true,"href":"https:\/\/starting-five.com\/index.php?rest_route=\/wp\/v2\/users\/1"}],"replies":[{"embeddable":true,"href":"https:\/\/starting-five.com\/index.php?rest_route=%2Fwp%2Fv2%2Fcomments&post=2"}],"version-history":[{"count":117,"href":"https:\/\/starting-five.com\/index.php?rest_route=\/wp\/v2\/pages\/2\/revisions"}],"predecessor-version":[{"id":2965,"href":"https:\/\/starting-five.com\/index.php?rest_route=\/wp\/v2\/pages\/2\/revisions\/2965"}],"wp:featuredmedia":[{"embeddable":true,"href":"https:\/\/starting-five.com\/index.php?rest_route=\/wp\/v2\/media\/692"}],"wp:attachment":[{"href":"https:\/\/starting-five.com\/index.php?rest_route=%2Fwp%2Fv2%2Fmedia&parent=2"}],"curies":[{"name":"wp","href":"https:\/\/api.w.org\/{rel}","templated":true}]}}